{"id":102,"date":"2026-03-16T08:34:37","date_gmt":"2026-03-16T08:34:37","guid":{"rendered":"https:\/\/flamenexpert.com\/webshop\/produs\/invertor-huawei-sun2000-6ktl-l1-6kw-monofazat\/"},"modified":"2026-03-26T11:17:25","modified_gmt":"2026-03-26T11:17:25","slug":"invertor-huawei-sun2000-6ktl-l1-6kw-monofazat","status":"publish","type":"product","link":"https:\/\/flamenexpert.com\/webshop\/magazin\/invertoare\/invertor-huawei-sun2000-6ktl-l1-6kw-monofazat\/","title":{"rendered":"Invertor Huawei hybrid SUN2000-6KTL-L1 (6KW) Monofazat"},"content":{"rendered":"<p>Invertor hibrid<\/p>\n<p>Un invertor Huawei SUN2000L-6KTL-L1 permite proprietarului s\u0103 utilizeze imediat energia generat\u0103, s\u0103 o exporte \u00eenapoi la re\u021bea sau s\u0103 o stocheze \u00een baterii. Exist\u0103 o solu\u021bie integrat\u0103 pentru conectarea bateriilor, elimin\u00e2nd nevoia de componente suplimentare.<\/p>\n<p>Aten\u021bie: Bateriile care sunt adecvate pentru a fi utilizate cu un Huawei SUN2000L-6KTL-L1 sunt Battery HUAWEI Smart ESS.<\/p>\n","protected":false},"excerpt":{"rendered":"<p>Invertor Huawei hybrid SUN2000-6KTL-L1 (6KW) Monofazat<\/p>\n","protected":false},"featured_media":152,"comment_status":"open","ping_status":"closed","template":"","meta":{"_monsterinsights_skip_tracking":false,"_monsterinsights_sitenote_active":false,"_monsterinsights_sitenote_note":"","_monsterinsights_sitenote_category":0,"postBodyCss":"","postBodyMargin":[],"postBodyPadding":[],"postBodyBackground":{"backgroundType":"classic","gradient":""}},"product_brand":[],"product_cat":[25],"product_tag":[],"class_list":{"0":"post-102","1":"product","2":"type-product","3":"status-publish","4":"has-post-thumbnail","6":"product_cat-invertoare","7":"product_shipping_class-pachet-greu","9":"first","10":"instock","11":"shipping-taxable","12":"purchasable","13":"product-type-simple"},"aioseo_notices":[],"_links":{"self":[{"href":"https:\/\/flamenexpert.com\/webshop\/wp-json\/wp\/v2\/product\/102","targetHints":{"allow":["GET"]}}],"collection":[{"href":"https:\/\/flamenexpert.com\/webshop\/wp-json\/wp\/v2\/product"}],"about":[{"href":"https:\/\/flamenexpert.com\/webshop\/wp-json\/wp\/v2\/types\/product"}],"replies":[{"embeddable":true,"href":"https:\/\/flamenexpert.com\/webshop\/wp-json\/wp\/v2\/comments?post=102"}],"version-history":[{"count":1,"href":"https:\/\/flamenexpert.com\/webshop\/wp-json\/wp\/v2\/product\/102\/revisions"}],"predecessor-version":[{"id":229,"href":"https:\/\/flamenexpert.com\/webshop\/wp-json\/wp\/v2\/product\/102\/revisions\/229"}],"wp:featuredmedia":[{"embeddable":true,"href":"https:\/\/flamenexpert.com\/webshop\/wp-json\/wp\/v2\/media\/152"}],"wp:attachment":[{"href":"https:\/\/flamenexpert.com\/webshop\/wp-json\/wp\/v2\/media?parent=102"}],"wp:term":[{"taxonomy":"product_brand","embeddable":true,"href":"https:\/\/flamenexpert.com\/webshop\/wp-json\/wp\/v2\/product_brand?post=102"},{"taxonomy":"product_cat","embeddable":true,"href":"https:\/\/flamenexpert.com\/webshop\/wp-json\/wp\/v2\/product_cat?post=102"},{"taxonomy":"product_tag","embeddable":true,"href":"https:\/\/flamenexpert.com\/webshop\/wp-json\/wp\/v2\/product_tag?post=102"}],"curies":[{"name":"wp","href":"https:\/\/api.w.org\/{rel}","templated":true}]}}