{"id":250,"date":"2026-03-31T11:57:25","date_gmt":"2026-03-31T11:57:25","guid":{"rendered":"https:\/\/flamenexpert.com\/webshop\/?post_type=product&#038;p=250"},"modified":"2026-04-01T11:58:05","modified_gmt":"2026-04-01T11:58:05","slug":"sistem-fotovoltaic-deye-20-kw-trifazat-hibrid","status":"publish","type":"product","link":"https:\/\/flamenexpert.com\/webshop\/magazin\/sisteme-fotovoltaice\/sistem-fotovoltaic-deye-20-kw-trifazat-hibrid\/","title":{"rendered":"Sistem Fotovoltaic &#8211; DEYE 20 kW Trifazat Hybrid"},"content":{"rendered":"<h4>Componentele Sistemului Fotovoltaic:<\/h4>\n<ul>\n<li><strong>34\u00a0<\/strong><strong data-start=\"561\" data-end=\"609\">panouri fotovoltaice 440W-460W: <\/strong>Module de \u00eenalt\u0103 eficien\u021b\u0103 N-Type.\u00a0 \u00een func\u021bie de stocul la momentul instal\u0103rii.<\/li>\n<li><strong>Invertor:\u00a0<\/strong>Deye 20 kW Trifazat Hibrid<\/li>\n<li><strong>Sistem prindere acoperi\u0219<\/strong>: Siguran\u021b\u0103 \u0219i stabilitate \u00een orice condi\u021bii meteo.<\/li>\n<li><strong>Conectic\u0103 complet\u0103<\/strong>: Siguran\u021be CC, siguran\u021be AC, tablouri, desc\u0103rc\u0103toare, BMP\/BMPT, canal de cablu, melci polistiren, copex cu manta metalic\u0103, \u0219uruburi, cabluri AC (p\u00e2n\u0103 la 20m), cabluri CC (p\u00e2n\u0103 la 35m).<\/li>\n<li><strong>Manoper\u0103 \u0219i transport<\/strong>: Inclus \u00een pre\u021b pentru un proces f\u0103r\u0103 griji.<\/li>\n<li><strong>Dosar prosumator<\/strong>: Toat\u0103 documenta\u021bia necesar\u0103 pentru a deveni prosumator.<\/li>\n<li>\u00cen cazul \u00een care se dore\u0219te oferta cu baterii, la pre\u021bul afi\u0219at se va ad\u0103uga doar costul bateriilor.<\/li>\n<\/ul>\n","protected":false},"excerpt":{"rendered":"<p>Componentele Sistemului Fotovoltaic: 34\u00a0panouri fotovoltaice 440W-460W: Module de \u00eenalt\u0103 eficien\u021b\u0103 N-Type.\u00a0 \u00een func\u021bie de stocul la momentul instal\u0103rii. Invertor:\u00a0Deye 20 kW Trifazat Hibrid Sistem prindere acoperi\u0219: Siguran\u021b\u0103 \u0219i stabilitate \u00een orice condi\u021bii meteo. Conectic\u0103 complet\u0103: Siguran\u021be CC, siguran\u021be AC, tablouri, desc\u0103rc\u0103toare, BMP\/BMPT, canal de cablu, melci polistiren, copex cu manta metalic\u0103, \u0219uruburi, cabluri AC (p\u00e2n\u0103 [&hellip;]<\/p>\n","protected":false},"featured_media":0,"comment_status":"open","ping_status":"closed","template":"","meta":{"_monsterinsights_skip_tracking":false,"_monsterinsights_sitenote_active":false,"_monsterinsights_sitenote_note":"","_monsterinsights_sitenote_category":0,"postBodyCss":"","postBodyMargin":[],"postBodyPadding":[],"postBodyBackground":{"backgroundType":"classic","gradient":""}},"product_brand":[],"product_cat":[35],"product_tag":[],"class_list":{"0":"post-250","1":"product","2":"type-product","3":"status-publish","5":"product_cat-sisteme-fotovoltaice","7":"first","8":"instock","9":"shipping-taxable","10":"purchasable","11":"product-type-simple"},"aioseo_notices":[],"_links":{"self":[{"href":"https:\/\/flamenexpert.com\/webshop\/wp-json\/wp\/v2\/product\/250","targetHints":{"allow":["GET"]}}],"collection":[{"href":"https:\/\/flamenexpert.com\/webshop\/wp-json\/wp\/v2\/product"}],"about":[{"href":"https:\/\/flamenexpert.com\/webshop\/wp-json\/wp\/v2\/types\/product"}],"replies":[{"embeddable":true,"href":"https:\/\/flamenexpert.com\/webshop\/wp-json\/wp\/v2\/comments?post=250"}],"version-history":[{"count":0,"href":"https:\/\/flamenexpert.com\/webshop\/wp-json\/wp\/v2\/product\/250\/revisions"}],"wp:attachment":[{"href":"https:\/\/flamenexpert.com\/webshop\/wp-json\/wp\/v2\/media?parent=250"}],"wp:term":[{"taxonomy":"product_brand","embeddable":true,"href":"https:\/\/flamenexpert.com\/webshop\/wp-json\/wp\/v2\/product_brand?post=250"},{"taxonomy":"product_cat","embeddable":true,"href":"https:\/\/flamenexpert.com\/webshop\/wp-json\/wp\/v2\/product_cat?post=250"},{"taxonomy":"product_tag","embeddable":true,"href":"https:\/\/flamenexpert.com\/webshop\/wp-json\/wp\/v2\/product_tag?post=250"}],"curies":[{"name":"wp","href":"https:\/\/api.w.org\/{rel}","templated":true}]}}