{"id":258,"date":"2026-04-01T11:54:49","date_gmt":"2026-04-01T11:54:49","guid":{"rendered":"https:\/\/flamenexpert.com\/webshop\/?post_type=product&#038;p=258"},"modified":"2026-04-01T11:55:14","modified_gmt":"2026-04-01T11:55:14","slug":"sistem-fotovoltaic-complet-deye-8-kw-trifazat-hybrid-stocare-14-33-kw-h","status":"publish","type":"product","link":"https:\/\/flamenexpert.com\/webshop\/magazin\/sisteme-fotovoltaice\/sistem-fotovoltaic-complet-deye-8-kw-trifazat-hybrid-stocare-14-33-kw-h\/","title":{"rendered":"Sistem Fotovoltaic complet Deye 8 kW Trifazat HYbrid + Stocare 14.33 kW\/h"},"content":{"rendered":"<h4>Componentele Sistemului Fotovoltaic:<\/h4>\n<ul>\n<li><strong>18\u00a0<\/strong><strong data-start=\"561\" data-end=\"609\">panouri\u00a0<\/strong><strong data-start=\"561\" data-end=\"609\">fotovoltaice 440W-460W:<\/strong> Module de \u00eenalt\u0103 eficien\u021b\u0103 N-Type.\u00a0 \u00een func\u021bie de stocul la momentul instal\u0103rii.<\/li>\n<li><strong>Invertor:\u00a0<\/strong>Deye 8 kW Trifazat Hibrid\u00a0 modelul : SUN-8K-SG05LP3-EU-SM2<\/li>\n<li><strong>Stocare:<\/strong>\u00a014.33 kWh<\/li>\n<li><strong>Sistem prindere acoperi\u0219<\/strong>: Siguran\u021b\u0103 \u0219i stabilitate \u00een orice condi\u021bii meteo.<\/li>\n<li><strong>Conectic\u0103 complet\u0103<\/strong>: Siguran\u021be CC, siguran\u021be AC, tablouri, desc\u0103rc\u0103toare, BMP\/BMPT, canal de cablu, melci polistiren, copex cu manta metalic\u0103, \u0219uruburi, cabluri AC (p\u00e2n\u0103 la 20m), cabluri CC (p\u00e2n\u0103 la 35m).<\/li>\n<li><strong>Manoper\u0103 \u0219i transport<\/strong>: Inclus \u00een pre\u021b pentru un proces f\u0103r\u0103 griji.<\/li>\n<li><strong>Dosar prosumator<\/strong>: Toat\u0103 documenta\u021bia necesar\u0103 pentru a deveni prosumator.<\/li>\n<\/ul>\n<h4>Detalii Suplimentare:<\/h4>\n<ul>\n<li><strong>Suprafa\u021b\u0103 necesar\u0103<\/strong>: Minim 2 mp pentru fiecare panou instalat.<\/li>\n<li><strong>Produc\u021bie anual\u0103 de energie<\/strong>: Sistemul de 8.19 kW poate produce \u00een medie 8 kW x 1250 ore de soare pe an, acoperind un consum lunar de aproximativ 830 kW.<\/li>\n<li><strong>\u00cemp\u0103m\u00e2ntare separat\u0103<\/strong>: Disponibil\u0103 la un cost suplimentar de 1000 RON cu TVA.<\/li>\n<\/ul>\n","protected":false},"excerpt":{"rendered":"<p>Componentele Sistemului Fotovoltaic: 18\u00a0panouri\u00a0fotovoltaice 440W-460W: Module de \u00eenalt\u0103 eficien\u021b\u0103 N-Type.\u00a0 \u00een func\u021bie de stocul la momentul instal\u0103rii. Invertor:\u00a0Deye 8 kW Trifazat Hibrid\u00a0 modelul : SUN-8K-SG05LP3-EU-SM2 Stocare:\u00a014.33 kWh Sistem prindere acoperi\u0219: Siguran\u021b\u0103 \u0219i stabilitate \u00een orice condi\u021bii meteo. Conectic\u0103 complet\u0103: Siguran\u021be CC, siguran\u021be AC, tablouri, desc\u0103rc\u0103toare, BMP\/BMPT, canal de cablu, melci polistiren, copex cu manta metalic\u0103, [&hellip;]<\/p>\n","protected":false},"featured_media":0,"comment_status":"open","ping_status":"closed","template":"","meta":{"_monsterinsights_skip_tracking":false,"_monsterinsights_sitenote_active":false,"_monsterinsights_sitenote_note":"","_monsterinsights_sitenote_category":0,"postBodyCss":"","postBodyMargin":[],"postBodyPadding":[],"postBodyBackground":{"backgroundType":"classic","gradient":""}},"product_brand":[],"product_cat":[35,34],"product_tag":[],"class_list":{"0":"post-258","1":"product","2":"type-product","3":"status-publish","5":"product_cat-sisteme-fotovoltaice","6":"product_cat-stocare","8":"first","9":"instock","10":"shipping-taxable","11":"purchasable","12":"product-type-simple"},"aioseo_notices":[],"_links":{"self":[{"href":"https:\/\/flamenexpert.com\/webshop\/wp-json\/wp\/v2\/product\/258","targetHints":{"allow":["GET"]}}],"collection":[{"href":"https:\/\/flamenexpert.com\/webshop\/wp-json\/wp\/v2\/product"}],"about":[{"href":"https:\/\/flamenexpert.com\/webshop\/wp-json\/wp\/v2\/types\/product"}],"replies":[{"embeddable":true,"href":"https:\/\/flamenexpert.com\/webshop\/wp-json\/wp\/v2\/comments?post=258"}],"version-history":[{"count":1,"href":"https:\/\/flamenexpert.com\/webshop\/wp-json\/wp\/v2\/product\/258\/revisions"}],"predecessor-version":[{"id":259,"href":"https:\/\/flamenexpert.com\/webshop\/wp-json\/wp\/v2\/product\/258\/revisions\/259"}],"wp:attachment":[{"href":"https:\/\/flamenexpert.com\/webshop\/wp-json\/wp\/v2\/media?parent=258"}],"wp:term":[{"taxonomy":"product_brand","embeddable":true,"href":"https:\/\/flamenexpert.com\/webshop\/wp-json\/wp\/v2\/product_brand?post=258"},{"taxonomy":"product_cat","embeddable":true,"href":"https:\/\/flamenexpert.com\/webshop\/wp-json\/wp\/v2\/product_cat?post=258"},{"taxonomy":"product_tag","embeddable":true,"href":"https:\/\/flamenexpert.com\/webshop\/wp-json\/wp\/v2\/product_tag?post=258"}],"curies":[{"name":"wp","href":"https:\/\/api.w.org\/{rel}","templated":true}]}}