{"id":98,"date":"2026-03-16T08:34:36","date_gmt":"2026-03-16T08:34:36","guid":{"rendered":"https:\/\/flamenexpert.com\/webshop\/produs\/panou-trina-445-wp\/"},"modified":"2026-03-26T11:17:24","modified_gmt":"2026-03-26T11:17:24","slug":"panou-trina-445-wp","status":"publish","type":"product","link":"https:\/\/flamenexpert.com\/webshop\/magazin\/panouri-fotovoltaice\/panou-trina-445-wp\/","title":{"rendered":"Panou fotovoltaic N-type Trina Vertex S+ 460w TSM-460NEG9R.28 Dual Glass 30mm"},"content":{"rendered":"<h1 class=\"product_title entry-title\">Panou fotovoltaic N-type Trina Vertex S+ 460w TSM-460NEG9R.28 Dual Glass 30mm<\/h1>\n<p>&nbsp;<\/p>\n<div class=\"woocommerce-tabs wc-tabs-wrapper\">\n<div id=\"tab-description\" class=\"woocommerce-Tabs-panel woocommerce-Tabs-panel--description panel entry-content wc-tab\" role=\"tabpanel\" aria-labelledby=\"tab-title-description\">\n<p>Panoul solar TRINA Vertex S+ TSM-460NEG9R.28 460W reprezint\u0103 apogeul tehnologiei fotovoltaice, oferind o putere impresionant\u0103 de 460 W. Cu designul s\u0103u monocristalin \u0219i 144 de celule dispuse \u00eentr-o configura\u021bie eficient\u0103 de 6\u00d724, acest modul solar promite performan\u021be excep\u021bionale. Tehnologia Dual-Glass \u0219i tipul N-Type asigur\u0103 o durabilitate sporit\u0103 \u0219i rezisten\u021b\u0103 la condi\u021bii meteorologice variate,\u00a0 facilit\u00e2nd instalarea at\u00e2t \u00een medii reziden\u021biale, c\u00e2t \u0219i comerciale. Panoul beneficiaz\u0103 de inova\u021bii precum tehnologia Half-Cut \u0219i Multi-Busbar, maximiz\u00e2nd captarea radia\u021biei solare \u0219i optimiz\u00e2nd produc\u021bia de energie. Cu TRINA Vertex S+ TSM-460NEG9R.28 460W, experimenta\u021bi un nivel superior de eficien\u021b\u0103 \u0219i fiabilitate \u00een generarea energiei solare, contribuind la un viitor sustenabil \u0219i independent energetic.<\/p>\n<p>\u2013 N type Monocristalin<\/p>\n<p>\u2013 Dual-Glass design \u2013 mult mai rezistent la instalare si mai pu\u021bin predispus la microfisuri si zg\u00e2rieturi pe partea din spate<\/p>\n<p>\u2013 eficienta conversie 23.0%<\/p>\n<\/div>\n<\/div>\n","protected":false},"excerpt":{"rendered":"<p>Panou fotovoltaic N-type Trina Vertex S+ 460w TSM-460NEG9R.28 Dual Glass 30mm<\/p>\n","protected":false},"featured_media":193,"comment_status":"open","ping_status":"closed","template":"","meta":{"_monsterinsights_skip_tracking":false,"_monsterinsights_sitenote_active":false,"_monsterinsights_sitenote_note":"","_monsterinsights_sitenote_category":0,"postBodyCss":"","postBodyMargin":[],"postBodyPadding":[],"postBodyBackground":{"backgroundType":"classic","gradient":""}},"product_brand":[45],"product_cat":[32],"product_tag":[],"class_list":{"0":"post-98","1":"product","2":"type-product","3":"status-publish","4":"has-post-thumbnail","6":"product_brand-trina-solar","7":"product_cat-panouri-fotovoltaice","8":"product_shipping_class-pachet-greu","10":"first","11":"instock","12":"sale","13":"shipping-taxable","14":"purchasable","15":"product-type-simple"},"aioseo_notices":[],"_links":{"self":[{"href":"https:\/\/flamenexpert.com\/webshop\/wp-json\/wp\/v2\/product\/98","targetHints":{"allow":["GET"]}}],"collection":[{"href":"https:\/\/flamenexpert.com\/webshop\/wp-json\/wp\/v2\/product"}],"about":[{"href":"https:\/\/flamenexpert.com\/webshop\/wp-json\/wp\/v2\/types\/product"}],"replies":[{"embeddable":true,"href":"https:\/\/flamenexpert.com\/webshop\/wp-json\/wp\/v2\/comments?post=98"}],"version-history":[{"count":1,"href":"https:\/\/flamenexpert.com\/webshop\/wp-json\/wp\/v2\/product\/98\/revisions"}],"predecessor-version":[{"id":191,"href":"https:\/\/flamenexpert.com\/webshop\/wp-json\/wp\/v2\/product\/98\/revisions\/191"}],"wp:featuredmedia":[{"embeddable":true,"href":"https:\/\/flamenexpert.com\/webshop\/wp-json\/wp\/v2\/media\/193"}],"wp:attachment":[{"href":"https:\/\/flamenexpert.com\/webshop\/wp-json\/wp\/v2\/media?parent=98"}],"wp:term":[{"taxonomy":"product_brand","embeddable":true,"href":"https:\/\/flamenexpert.com\/webshop\/wp-json\/wp\/v2\/product_brand?post=98"},{"taxonomy":"product_cat","embeddable":true,"href":"https:\/\/flamenexpert.com\/webshop\/wp-json\/wp\/v2\/product_cat?post=98"},{"taxonomy":"product_tag","embeddable":true,"href":"https:\/\/flamenexpert.com\/webshop\/wp-json\/wp\/v2\/product_tag?post=98"}],"curies":[{"name":"wp","href":"https:\/\/api.w.org\/{rel}","templated":true}]}}